{"id":18,"date":"2016-10-22T01:54:25","date_gmt":"2016-10-21T23:54:25","guid":{"rendered":"http:\/\/dnjtechnology.com\/?page_id=18"},"modified":"2020-12-16T17:16:53","modified_gmt":"2020-12-16T16:16:53","slug":"historia","status":"publish","type":"page","link":"https:\/\/dnjtechnology.com\/en\/historia\/","title":{"rendered":"History"},"content":{"rendered":"<p><\/p>\n<h3>2004<\/h3>\n<ul>\n<li>Officially launches D&#038;J Technology Poland Sp. z o.o.<\/li>\n<li>Complex development of CityPark building in Kielce, Poland \u2013 head office.<\/li>\n<\/ul>\n<h3>2006<\/h3>\n<ul>\n<li>Officially launches D&#038;J Korea.<\/li>\n<\/ul>\n<h3>2011<\/h3>\n<ul>\n<li>First time acting as a General Contractor during execution of construction project.<\/li>\n<li>Officially launches D&#038;J ENG Sp. z o.o.<\/li>\n<\/ul>\n<h3>2013<\/h3>\n<ul>\n<li>Officially launches LY International Sp. z o.o.<\/li>\n<li>* Separation and independence of D&#038;J ENG Sp. z o.o.<\/li>\n<\/ul>\n<h3>2014<\/h3>\n<ul>\n<li>* Separation and independence of LY International Sp. z o.o.<\/li>\n<li>Opens company&#8217;s branch office in Slovakia: <b>D&#038;J Technology Poland Sp. z o.o. organiza\u010dn\u00e1 zlo\u017eka<\/b> with an office in \u010cadca.<\/li>\n<\/ul>\n<h3>2015<\/h3>\n<ul>\n<li>Headquarters relocation. New address: <strong>ul. Zagna\u0144ska 71, 25-558 Kielce, Poland<\/strong>.<\/li>\n<\/ul>\n<h3>2017<\/h3>\n<ul>\n<li>Closes branch office in Slovakia (<i>D&#038;J Technology Poland Sp. z o.o. organiza\u010dn\u00e1 zlo\u017eka<\/i>).<\/li>\n<\/ul>\n<h3>2020<\/h3>\n<ul>\n<li>Headquarters relocation. New address: <strong>ul. Lisowczyk\u00f3w 5s, 25-138 Kielce, Poland<\/strong>.<\/li>\n<\/ul>\n<p><\/p>","protected":false},"excerpt":{"rendered":"<p>2004 Officially launches D&#038;J Technology Poland Sp. z o.o. Complex development of CityPark building in Kielce, Poland \u2013 head office. 2006 Officially launches D&#038;J Korea. 2011 First time acting as [&hellip;]<\/p>\n","protected":false},"author":1,"featured_media":0,"parent":0,"menu_order":0,"comment_status":"closed","ping_status":"closed","template":"","meta":{"footnotes":""},"class_list":["post-18","page","type-page","status-publish","hentry"],"_links":{"self":[{"href":"https:\/\/dnjtechnology.com\/en\/wp-json\/wp\/v2\/pages\/18","targetHints":{"allow":["GET"]}}],"collection":[{"href":"https:\/\/dnjtechnology.com\/en\/wp-json\/wp\/v2\/pages"}],"about":[{"href":"https:\/\/dnjtechnology.com\/en\/wp-json\/wp\/v2\/types\/page"}],"author":[{"embeddable":true,"href":"https:\/\/dnjtechnology.com\/en\/wp-json\/wp\/v2\/users\/1"}],"replies":[{"embeddable":true,"href":"https:\/\/dnjtechnology.com\/en\/wp-json\/wp\/v2\/comments?post=18"}],"version-history":[{"count":11,"href":"https:\/\/dnjtechnology.com\/en\/wp-json\/wp\/v2\/pages\/18\/revisions"}],"predecessor-version":[{"id":547,"href":"https:\/\/dnjtechnology.com\/en\/wp-json\/wp\/v2\/pages\/18\/revisions\/547"}],"wp:attachment":[{"href":"https:\/\/dnjtechnology.com\/en\/wp-json\/wp\/v2\/media?parent=18"}],"curies":[{"name":"wp","href":"https:\/\/api.w.org\/{rel}","templated":true}]}}