{"id":12,"date":"2016-10-22T01:53:11","date_gmt":"2016-10-21T23:53:11","guid":{"rendered":"http:\/\/dnjtechnology.com\/?page_id=12"},"modified":"2024-05-07T12:15:22","modified_gmt":"2024-05-07T10:15:22","slug":"home","status":"publish","type":"page","link":"https:\/\/dnjtechnology.com\/en\/","title":{"rendered":"Home"},"content":{"rendered":"<p><\/p>\n<section class=\"testimonials\">\n<div class=\"container\">\n<p><!-- Wiersz nag\u0142\u00f3wka aktualnych realizacji --><\/p>\n<div class=\"row\">\n<div class=\"col-xs-12\">\n<div class=\"custom-heading section-heading\">\n<h1>CURRENT PROJECTS &#8211; SHORT PRESENTATION<\/h1>\n<\/div>\n<\/div>\n<\/div>\n<p><!-- Wiersz prezentacji nr 1 i 2 --><\/p>\n<div class=\"row\">\n<div class=\"col-lg-6\"><!-- Prezentacja nr 7 --><br \/>\n<img decoding=\"async\" src=\"https:\/\/dnjtechnology.com\/wp-content\/uploads\/2024\/04\/Diamenty-Forbsa-2024-slajd-2.jpg\" alt=\"\" width=\"570x\" class=\"size-medium wp-image-502 img-responsive \" \/><\/p>\n<div class=\"content\">\n<h5>WE ARE THE WINNER OF FORBES DIAMONDS RANKING 2024<\/h5>\n<p>Thank you very much and we promise to give even more!<\/p>\n<p><a href=\"https:\/\/dnjtechnology.com\/jestesmy-laureatem-rankingu-diamentow-forbsa-2024\/\"><button class=\"btn btn-primary\" type=\"button\">READ MORE<i class=\"fa fa-arrow-right\"><\/i><\/button><\/a><\/p>\n<\/div>\n<\/div>\n<div class=\"col-lg-6\"><!-- Prezentacja nr 2 --><br \/>\n<a href=\"http:\/\/www.zielonawiewiorka.pl\/\"><img decoding=\"async\" src=\"https:\/\/dnjtechnology.com\/wp-content\/uploads\/2024\/04\/Zielona-Wiewiorka-z-PZT.jpg\" alt=\"\" width=\"570x\" class=\"size-medium wp-image-502 img-responsive \" \/><\/a><\/p>\n<div class=\"content\">\n<h5>ZIELONA WIEWI\u00d3RKA HOUSING ESTATE IN D\u0104BROWA NEAR KIELCE<\/h5>\n<p>Planned construction of 27 residential buildings in D\u0105browa, commune Mas\u0142\u00f3w.<\/p>\n<p><a href=\"https:\/\/dnjtechnology.com\/osiedle-mieszkaniowe-zielona-wiewiorka-w-dabrowie-pod-kielcami\/\"><button class=\"btn btn-primary\" type=\"button\">READ MORE<i class=\"fa fa-arrow-right\"><\/i><\/button><\/a><\/p>\n<\/div>\n<\/div>\n<\/div>\n<p><!-- Wiersz prezentacji nr 3 i 4 --><\/p>\n<div class=\"row\">\n<div class=\"col-lg-6\"><!-- Prezentacja nr 3 --><br \/>\n<img decoding=\"async\" src=\"http:\/\/dnjtechnology.com\/wp-content\/uploads\/2023\/09\/sk_ph34_1.jpg\" alt=\"\" width=\"570x\" class=\"size-medium wp-image-502 img-responsive \" \/><\/p>\n<div class=\"content\">\n<h5>EUROPE PROJECT, PHASE 3&#038;4 in D\u0104BROWA G\u00d3RNICZA<\/h5>\n<p>Phases #3 &#038; #4 of construction of the separator factory for lithium-ion batteries.<\/p>\n<p><a href=\"https:\/\/dnjtechnology.com\/roboty-na-budowie-europe-project-phase-34-w-dabrowie-gorniczej\/\"><button class=\"btn btn-primary\" type=\"button\">READ MORE<i class=\"fa fa-arrow-right\"><\/i><\/button><\/a><\/p>\n<\/div>\n<\/div>\n<div class=\"col-lg-6\"><!-- Prezentacja nr 4 --><br \/>\n<img decoding=\"async\" src=\"http:\/\/dnjtechnology.com\/wp-content\/uploads\/2023\/09\/sk_ph2_1.jpg\" alt=\"\" width=\"570x\" class=\"size-medium wp-image-502 img-responsive \" \/><\/p>\n<div class=\"content\">\n<h5>EUROPE PROJECT, PHASE 2 in D\u0104BROWA G\u00d3RNICZA<\/h5>\n<p>Phase #2 of construction of the separator factory for lithium-ion batteries.<\/p>\n<p><a href=\"https:\/\/dnjtechnology.com\/zakonczenie-robot-na-budowie-europe-project-phase-2-w-dabrowie-gorniczej\/\"><button class=\"btn btn-primary\" type=\"button\">READ MORE<i class=\"fa fa-arrow-right\"><\/i><\/button><\/a><\/p>\n<\/div>\n<\/div>\n<\/div>\n<p><!-- Wiersz prezentacji nr 5 i 6 --><\/p>\n<div class=\"row\">\n<div class=\"col-lg-6\"><!-- Prezentacja nr 5 --><br \/>\n<img decoding=\"async\" src=\"http:\/\/dnjtechnology.com\/wp-content\/uploads\/2023\/06\/infac_1.jpg\" alt=\"\" width=\"570x\" class=\"size-medium wp-image-502 img-responsive \" \/><\/p>\n<div class=\"content\">\n<h5>INFAC POLAND in BIELSKO-BIA\u0141A<\/h5>\n<p>Construction of a production and warehouse hall with social and office building.<\/p>\n<p><a href=\"https:\/\/dnjtechnology.com\/budowa-fabryki-dla-infac-poland-w-bielsku-bialej\/\"><button class=\"btn btn-primary\" type=\"button\">READ MORE<i class=\"fa fa-arrow-right\"><\/i><\/button><\/a><\/p>\n<\/div>\n<\/div>\n<div class=\"col-lg-6\"><!-- Prezentacja nr 6 --><br \/>\n<img decoding=\"async\" src=\"http:\/\/dnjtechnology.com\/wp-content\/uploads\/2023\/09\/sk_ph1_1.jpg\" alt=\"\" width=\"570x\" class=\"size-medium wp-image-502 img-responsive \" \/><\/p>\n<div class=\"content\">\n<h5>M-PROJECT FOR POLAND, PHASE 1 in D\u0104BROWA G\u00d3RNICZA<\/h5>\n<p>Phase #1 of construction of the separator factory for lithium-ion batteries.<\/p>\n<p><a href=\"https:\/\/dnjtechnology.com\/zakonczenie-robot-na-budowie-m-project-for-poland-ph1-w-dabrowie-gorniczej\/\"><button class=\"btn btn-primary\" type=\"button\">READ MORE<i class=\"fa fa-arrow-right\"><\/i><\/button><\/a><\/p>\n<\/div>\n<\/div>\n<\/div>\n<p><!-- Wiersz prezentacji nr 7 i 8 --><\/p>\n<div class=\"row\">\n<div class=\"col-lg-6\"><!-- Prezentacja nr 7 --><br \/>\n<img decoding=\"async\" src=\"http:\/\/dnjtechnology.com\/wp-content\/uploads\/2020\/12\/lgstopy.jpg\" alt=\"\" width=\"570x\" class=\"size-medium wp-image-502 img-responsive \" \/><\/p>\n<div class=\"content\">\n<h5>LGESWA P4 PROJECT in BISKUPICE PODG\u00d3RNE<\/h5>\n<p>Construction of a factory for LG Energy Solution Wroc\u0142aw.<\/p>\n<p><a href=\"http:\/\/dnjtechnology.com\/roboty-budowlane-na-budowie-lgcwa-p4-project-w-biskupicach-podgornych\/\"><button class=\"btn btn-primary\" type=\"button\">READ MORE<i class=\"fa fa-arrow-right\"><\/i><\/button><\/a><\/p>\n<\/div>\n<\/div>\n<div class=\"col-lg-6\"><!-- Prezentacja nr 8 --><br \/>\n<div style=\"width: 640px;\" class=\"wp-video\"><video class=\"wp-video-shortcode\" id=\"video-536-2\" width=\"640\" height=\"360\" loop autoplay preload=\"metadata\" controls=\"controls\"><source type=\"video\/mp4\" src=\"http:\/\/dnjtechnology.com\/wp-content\/uploads\/2018\/09\/20180911.video.dron.dsg.mobile.mp4?_=2\" \/><a href=\"http:\/\/dnjtechnology.com\/wp-content\/uploads\/2018\/09\/20180911.video.dron.dsg.mobile.mp4\">http:\/\/dnjtechnology.com\/wp-content\/uploads\/2018\/09\/20180911.video.dron.dsg.mobile.mp4<\/a><\/video><\/div><\/p>\n<div class=\"content\">\n<h5>PROGRESS OF CONSTRUCTION OF DONGSUNG POLAND FACTORY IN \u017bAR\u00d3W<\/h5>\n<p>Current progress of a construction project being executed &#8211; state on 2018-09-11.<\/p>\n<p><a href=\"http:\/\/dnjtechnology.com\/aktualizacja-statusu-budowy-zakladu-dongsung-poland-w-zarowie\/\"><button class=\"btn btn-primary\" type=\"button\">READ MORE<i class=\"fa fa-arrow-right\"><\/i><\/button><\/a><\/p>\n<\/div>\n<\/div>\n<\/div>\n<p><!-- Wiersz nag\u0142\u00f3wka przycisku pozosta\u0142ych og\u0142osze\u0144 --><\/p>\n<div class=\"row\">\n<div class=\"col-xs-12\">\n<div class=\"custom-heading section-heading\">\n<a href=\"http:\/\/dnjtechnology.com\/ogloszenia\/\"><button class=\"btn btn-secondary\" type=\"button\">SEE MORE ADVERTISEMENTS<i class=\"fa fa-arrow-right\"><\/i><\/button><\/a>\n<\/div>\n<\/div>\n<\/div>\n<\/div>\n<div> <!-- Niezamkni\u0119ty div (celowy b\u0142\u0105d, aby nie wy\u015bwietla\u0107 tu danych Siplex) --><br \/>\n<\/section>\n<p><!-- Pozosta\u0142e elementy strony --><\/p>\n<section class=\"featured-services service-img-list\">\n<div class=\"container\">\n<div class=\"row\">\n<div class=\"col-lg-6\">\n<div class=\"service-item\">\n<p><img decoding=\"async\" class=\"img-fluid img-responsive \" src=\"http:\/\/dnjtechnology.com\/wp-content\/uploads\/2016\/10\/usluga1.jpg\" alt=\"Kompleksowa realizacja zak\u0142ad\u00f3w przemys\u0142owych\" \/><\/p>\n<div class=\"content\">\n<div class=\"type\"><i class=\"fa fa-codepen\"><\/i><\/div>\n<h5>COMPREHENSIVE IMPLEMENTATION OF INDUSTRIAL PLANTS<\/h5>\n<p>We are a company specialized in a Design &#038; Build comprehensive implementation of plants for advanced technology industry, clean rooms, office buildings, general purpose buildings, green areas and associated infrastructure.<\/p>\n<p><a href=\"http:\/\/dnjtechnology.com\/en\/obszar-dzialalnosci\/\"><button class=\"btn btn-primary\" type=\"button\">READ MORE<i class=\"fa fa-arrow-right\"><\/i><\/button><\/a><\/p>\n<\/div>\n<\/div>\n<\/div>\n<div class=\"col-lg-6\">\n<div class=\"service-item\">\n<p><img decoding=\"async\" class=\"img-fluid img-responsive \" src=\"http:\/\/dnjtechnology.com\/wp-content\/uploads\/2016\/10\/usluga2.jpg\" alt=\"Konserwacja i utrzymanie obiekt\u00f3w i urz\u0105dze\u0144\" \/><\/p>\n<div class=\"content\">\n<div class=\"type\"><i class=\"fa fa-cogs\"><\/i><\/div>\n<h5>SERVICE &#038; MAINTENANCE OF OBJECTS AND DEVICES<\/h5>\n<p>We also deal in current service and maintenance of buildings and equipment, including among others elevators, hoists and cranes. We offer inspections, running repair and modification as well as remodeling.<\/p>\n<p><a href=\"http:\/\/dnjtechnology.com\/en\/obszar-dzialalnosci\/\"><button class=\"btn btn-primary\" type=\"button\">READ MORE<i class=\"fa fa-arrow-right\"><\/i><\/button><\/a><\/p>\n<\/div>\n<\/div>\n<\/div>\n<\/div>\n<\/div>\n<\/section>\n<section class=\"advisory\">\n<div class=\"container\">\n<div class=\"row\">\n<div class=\"col-md-10\">\n<h2>Looking for solution for your company?<\/h2>\n<\/div>\n<div class=\"col-md-2\"><a href=\"http:\/\/dnjtechnology.com\/en\/kontakt\/\"><button class=\"btn btn-primary\" type=\"button\">CONTACT WITH US<i class=\"fa fa-map-marker\"><\/i><\/button><\/a><\/div>\n<\/div>\n<\/div>\n<\/section>\n<section class=\"content\">\n<div class=\"container\">\n<div class=\"custom-heading section-heading\">\n<h1>OUR CLIENTS<\/h1>\n<\/div>\n<div class=\"row\"><ul class=\"kiwi-logo-carousel kiwi-logo-carousel-homepage default align-center col4\"><li style=\"height:150px;\" ><div class=\"helper\" style=\"height:150px; width:200px;\" ><img decoding=\"async\" src=\"https:\/\/dnjtechnology.com\/wp-content\/uploads\/2020\/12\/SK-EC-logo.png\" alt=\"SK E&C\" title=\"SK E&C\" style=\"max-width:200px; padding-left: 5px; padding-right:5px\" ><\/div><\/li><li style=\"height:150px;\" ><div class=\"helper\" style=\"height:150px; width:200px;\" ><img decoding=\"async\" src=\"https:\/\/dnjtechnology.com\/wp-content\/uploads\/2020\/12\/DST-logo.png\" alt=\"Dongshin Motech Poland\" title=\"Dongshin Motech Poland\" style=\"max-width:200px; padding-left: 5px; padding-right:5px\" ><\/div><\/li><li style=\"height:150px;\" ><div class=\"helper\" style=\"height:150px; width:200px;\" ><img decoding=\"async\" src=\"https:\/\/dnjtechnology.com\/wp-content\/uploads\/2020\/12\/EnChem-Logo.jpg\" alt=\"Enchem Poland\" title=\"Enchem Poland\" style=\"max-width:200px; padding-left: 5px; padding-right:5px\" ><\/div><\/li><li style=\"height:150px;\" ><div class=\"helper\" style=\"height:150px; width:200px;\" ><img decoding=\"async\" src=\"https:\/\/dnjtechnology.com\/wp-content\/uploads\/2020\/12\/Dongsung-Logo.jpg\" alt=\"Dongsung Poland\" title=\"Dongsung Poland\" style=\"max-width:200px; padding-left: 5px; padding-right:5px\" ><\/div><\/li><li style=\"height:150px;\" ><div class=\"helper\" style=\"height:150px; width:200px;\" ><img decoding=\"async\" src=\"https:\/\/dnjtechnology.com\/wp-content\/uploads\/2017\/09\/ESTRA-Logo.png\" alt=\"Estra Automotive Poland\" title=\"Estra Automotive Poland\" style=\"max-width:200px; padding-left: 5px; padding-right:5px\" ><\/div><\/li><li style=\"height:150px;\" ><div class=\"helper\" style=\"height:150px; width:200px;\" ><img decoding=\"async\" src=\"https:\/\/dnjtechnology.com\/wp-content\/uploads\/2023\/09\/sk_ecoengineering.png\" alt=\"SK Ecoengineering\" title=\"SK Ecoengineering\" style=\"max-width:200px; padding-left: 5px; padding-right:5px\" ><\/div><\/li><li style=\"height:150px;\" ><div class=\"helper\" style=\"height:150px; width:200px;\" ><img decoding=\"async\" src=\"https:\/\/dnjtechnology.com\/wp-content\/uploads\/2023\/09\/infac_logo.jpg\" alt=\"INFAC Poland\" title=\"INFAC Poland\" style=\"max-width:200px; padding-left: 5px; padding-right:5px\" ><\/div><\/li><li style=\"height:150px;\" ><div class=\"helper\" style=\"height:150px; width:200px;\" ><img decoding=\"async\" src=\"https:\/\/dnjtechnology.com\/wp-content\/uploads\/2016\/10\/1-LG-Display.jpg\" alt=\"LG display\" title=\"LG display\" style=\"max-width:200px; padding-left: 5px; padding-right:5px\" ><\/div><\/li><li style=\"height:150px;\" ><div class=\"helper\" style=\"height:150px; width:200px;\" ><img decoding=\"async\" src=\"https:\/\/dnjtechnology.com\/wp-content\/uploads\/2016\/10\/2-LG-Electronics.jpg\" alt=\"LG Electronics\" title=\"LG Electronics\" style=\"max-width:200px; padding-left: 5px; padding-right:5px\" ><\/div><\/li><li style=\"height:150px;\" ><div class=\"helper\" style=\"height:150px; width:200px;\" ><img decoding=\"async\" src=\"https:\/\/dnjtechnology.com\/wp-content\/uploads\/2016\/10\/3-LG-Innotek.jpg\" alt=\"LG Innotek\" title=\"LG Innotek\" style=\"max-width:200px; padding-left: 5px; padding-right:5px\" ><\/div><\/li><li style=\"height:150px;\" ><div class=\"helper\" style=\"height:150px; width:200px;\" ><img decoding=\"async\" src=\"https:\/\/dnjtechnology.com\/wp-content\/uploads\/2016\/10\/4-GS-EC.gif\" alt=\"GS E&C\" title=\"GS E&C\" style=\"max-width:200px; padding-left: 5px; padding-right:5px\" ><\/div><\/li><li style=\"height:150px;\" ><div class=\"helper\" style=\"height:150px; width:200px;\" ><img decoding=\"async\" src=\"https:\/\/dnjtechnology.com\/wp-content\/uploads\/2016\/10\/5-KFTP.jpg\" alt=\"KFTP\" title=\"KFTP\" style=\"max-width:200px; padding-left: 5px; padding-right:5px\" ><\/div><\/li><li style=\"height:150px;\" ><div class=\"helper\" style=\"height:150px; width:200px;\" ><img decoding=\"async\" src=\"https:\/\/dnjtechnology.com\/wp-content\/uploads\/2016\/10\/6-Nifco.gif\" alt=\"Nifco\" title=\"Nifco\" style=\"max-width:200px; padding-left: 5px; padding-right:5px\" ><\/div><\/li><li style=\"height:150px;\" ><div class=\"helper\" style=\"height:150px; width:200px;\" ><img decoding=\"async\" src=\"https:\/\/dnjtechnology.com\/wp-content\/uploads\/2016\/10\/7-Heesung.jpg\" alt=\"Heesung\" title=\"Heesung\" style=\"max-width:200px; padding-left: 5px; padding-right:5px\" ><\/div><\/li><li style=\"height:150px;\" ><div class=\"helper\" style=\"height:150px; width:200px;\" ><img decoding=\"async\" src=\"https:\/\/dnjtechnology.com\/wp-content\/uploads\/2016\/10\/9-Dongseo-Display.jpg\" alt=\"Dongseo Display\" title=\"Dongseo Display\" style=\"max-width:200px; padding-left: 5px; padding-right:5px\" ><\/div><\/li><li style=\"height:150px;\" ><div class=\"helper\" style=\"height:150px; width:200px;\" ><img decoding=\"async\" src=\"https:\/\/dnjtechnology.com\/wp-content\/uploads\/2016\/10\/10-Dongwon.png\" alt=\"Dongwon\" title=\"Dongwon\" style=\"max-width:200px; padding-left: 5px; padding-right:5px\" ><\/div><\/li><li style=\"height:150px;\" ><div class=\"helper\" style=\"height:150px; width:200px;\" ><img decoding=\"async\" src=\"https:\/\/dnjtechnology.com\/wp-content\/uploads\/2016\/10\/11-ILP.png\" alt=\"ILP\" title=\"ILP\" style=\"max-width:200px; padding-left: 5px; padding-right:5px\" ><\/div><\/li><li style=\"height:150px;\" ><div class=\"helper\" style=\"height:150px; width:200px;\" ><img decoding=\"async\" src=\"https:\/\/dnjtechnology.com\/wp-content\/uploads\/2016\/10\/12-KCP.jpg\" alt=\"KCP\" title=\"KCP\" style=\"max-width:200px; padding-left: 5px; padding-right:5px\" ><\/div><\/li><li style=\"height:150px;\" ><div class=\"helper\" style=\"height:150px; width:200px;\" ><img decoding=\"async\" src=\"https:\/\/dnjtechnology.com\/wp-content\/uploads\/2016\/10\/13-Kwangjin.gif\" alt=\"Kwangjin\" title=\"Kwangjin\" style=\"max-width:200px; padding-left: 5px; padding-right:5px\" ><\/div><\/li><li style=\"height:150px;\" ><div class=\"helper\" style=\"height:150px; width:200px;\" ><img decoding=\"async\" src=\"https:\/\/dnjtechnology.com\/wp-content\/uploads\/2016\/10\/14-Samwha.jpg\" alt=\"Samwha\" title=\"Samwha\" style=\"max-width:200px; padding-left: 5px; padding-right:5px\" ><\/div><\/li><li style=\"height:150px;\" ><div class=\"helper\" style=\"height:150px; width:200px;\" ><img decoding=\"async\" src=\"https:\/\/dnjtechnology.com\/wp-content\/uploads\/2016\/10\/15-SL.png\" alt=\"SL Poland\" title=\"SL Poland\" style=\"max-width:200px; padding-left: 5px; padding-right:5px\" ><\/div><\/li><li style=\"height:150px;\" ><div class=\"helper\" style=\"height:150px; width:200px;\" ><img decoding=\"async\" src=\"https:\/\/dnjtechnology.com\/wp-content\/uploads\/2016\/10\/16-Starion.png\" alt=\"Starion\" title=\"Starion\" style=\"max-width:200px; padding-left: 5px; padding-right:5px\" ><\/div><\/li><li style=\"height:150px;\" ><div class=\"helper\" style=\"height:150px; width:200px;\" ><img decoding=\"async\" src=\"https:\/\/dnjtechnology.com\/wp-content\/uploads\/2016\/10\/17-Taesung.gif\" alt=\"Taesung\" title=\"Taesung\" style=\"max-width:200px; padding-left: 5px; padding-right:5px\" ><\/div><\/li><li style=\"height:150px;\" ><div class=\"helper\" style=\"height:150px; width:200px;\" ><img decoding=\"async\" src=\"https:\/\/dnjtechnology.com\/wp-content\/uploads\/2016\/10\/18-Woobotech.gif\" alt=\"Woobotech\" title=\"Woobotech\" style=\"max-width:200px; padding-left: 5px; padding-right:5px\" ><\/div><\/li><li style=\"height:150px;\" ><div class=\"helper\" style=\"height:150px; width:200px;\" ><img decoding=\"async\" src=\"https:\/\/dnjtechnology.com\/wp-content\/uploads\/2016\/10\/19-BMC.gif\" alt=\"BMC\" title=\"BMC\" style=\"max-width:200px; padding-left: 5px; padding-right:5px\" ><\/div><\/li><li style=\"height:150px;\" ><div class=\"helper\" style=\"height:150px; width:200px;\" ><img decoding=\"async\" src=\"https:\/\/dnjtechnology.com\/wp-content\/uploads\/2016\/10\/20-Derkwoo-Electronics.png\" alt=\"Derkwoo Electronic\" title=\"Derkwoo Electronic\" style=\"max-width:200px; padding-left: 5px; padding-right:5px\" ><\/div><\/li><li style=\"height:150px;\" ><div class=\"helper\" style=\"height:150px; width:200px;\" ><img decoding=\"async\" src=\"https:\/\/dnjtechnology.com\/wp-content\/uploads\/2016\/10\/21-Sekonix.png\" alt=\"Sekonix\" title=\"Sekonix\" style=\"max-width:200px; padding-left: 5px; padding-right:5px\" ><\/div><\/li><\/ul><\/div>\n<\/div>\n<\/section>\n<section class=\"testimonials\">\n<div class=\"container\">\n<div class=\"row\">\n<div class=\"col-xs-12\">\n<div class=\"custom-heading section-heading\">\n<h1>ABOUT US<\/h1>\n<\/div>\n<p>D&#038;J Technology is a company founded in 2004 until today acting and showing the remarkable performance mainly in Construction, Construction Management and Engineering, but also in various other fields.<\/p>\n<p>D&#038;J mission \u2013 as a Korean construction company in Europe \u2013 is to support and partnership help in execution of construction investments by Korean and European investors.<\/p>\n<p>We can achieve wildest visions and expectations of our customers. We always strive to be one step ahead of the competition.<\/p>\n<p>We are professionals open to new approaches, we are not afraid of challenges. We provide comprehensive services to the highest international standards tailored to the needs of the most demanding customers.<\/p>\n<p>Our mission is building an innovative and modern organization without barriers, with broad spectrum of activities, corresponding to the complex needs of our customers in all aspects of their business.\n<\/p><\/div>\n<\/div>\n<\/div>\n<\/section>\n<section class=\"content\">\n<div class=\"container\">\n<div class=\"row\">\n<div class=\"custom-heading section-heading\">\n<h1>Advertisements<\/h1>\n<\/div>\n<ul class=\"display-posts-listing\"><li class=\"listing-item\"><a class=\"title\" href=\"https:\/\/dnjtechnology.com\/en\/osiedle-mieszkaniowe-zielona-wiewiorka-w-dabrowie-pod-kielcami\/\">Zielona Wiewi\u00f3rka housing estate in D\u0105browa near Kielce<\/a> <span class=\"excerpt-dash\">-<\/span> <span class=\"excerpt\">In the near future, we will start our own investment consisting in the construction of&hellip; <a class=\"excerpt-more\" href=\"https:\/\/dnjtechnology.com\/en\/osiedle-mieszkaniowe-zielona-wiewiorka-w-dabrowie-pod-kielcami\/\">Read more<\/a><\/span><\/li><li class=\"listing-item\"><a class=\"title\" href=\"https:\/\/dnjtechnology.com\/en\/jestesmy-laureatem-rankingu-diamentow-forbsa-2024\/\">We are the Winner of Forbes Diamonds Ranking 2024<\/a> <span class=\"excerpt-dash\">-<\/span> <span class=\"excerpt\">We are very pleased to announce that we have just become the winner of the&hellip; <a class=\"excerpt-more\" href=\"https:\/\/dnjtechnology.com\/en\/jestesmy-laureatem-rankingu-diamentow-forbsa-2024\/\">Read more<\/a><\/span><\/li><li class=\"listing-item\"><a class=\"title\" href=\"https:\/\/dnjtechnology.com\/en\/roboty-na-budowie-europe-project-phase-34-w-dabrowie-gorniczej\/\">Construction works for Europe Project Phase #3&#038;4 in D\u0105browa G\u00f3rnicza<\/a> <span class=\"excerpt-dash\">-<\/span> <span class=\"excerpt\">Starting from August 2021, we are executing works for 3rd & 4th phases of the&hellip; <a class=\"excerpt-more\" href=\"https:\/\/dnjtechnology.com\/en\/roboty-na-budowie-europe-project-phase-34-w-dabrowie-gorniczej\/\">Read more<\/a><\/span><\/li><li class=\"listing-item\"><a class=\"title\" href=\"https:\/\/dnjtechnology.com\/en\/zakonczenie-robot-na-budowie-europe-project-phase-2-w-dabrowie-gorniczej\/\">Completion of works for Europe Project Phase #2 in D\u0105browa G\u00f3rnicza<\/a> <span class=\"excerpt-dash\">-<\/span> <span class=\"excerpt\">At the end of April 2023, we completed works constituting 2nd phase of the construction&hellip; <a class=\"excerpt-more\" href=\"https:\/\/dnjtechnology.com\/en\/zakonczenie-robot-na-budowie-europe-project-phase-2-w-dabrowie-gorniczej\/\">Read more<\/a><\/span><\/li><li class=\"listing-item\"><a class=\"title\" href=\"https:\/\/dnjtechnology.com\/en\/budowa-fabryki-dla-infac-poland-w-bielsku-bialej-2\/\">Construction of Factory for INFAC Poland in Bielsko-Bia\u0142a<\/a> <span class=\"excerpt-dash\">-<\/span> <span class=\"excerpt\">In period from April 2022 till March 2023, we were a General Contractor in Bielsko-Bia\u0142a&hellip; <a class=\"excerpt-more\" href=\"https:\/\/dnjtechnology.com\/en\/budowa-fabryki-dla-infac-poland-w-bielsku-bialej-2\/\">Read more<\/a><\/span><\/li><li class=\"listing-item\"><a class=\"title\" href=\"https:\/\/dnjtechnology.com\/en\/zakonczenie-robot-na-budowie-m-project-for-poland-ph1-w-dabrowie-gorniczej\/\">Completion of works for M-Project for Poland, Ph1 in D\u0105browa G\u00f3rnicza<\/a> <span class=\"excerpt-dash\">-<\/span> <span class=\"excerpt\">At the end of 2022, we completed works constituting part in the construction of a&hellip; <a class=\"excerpt-more\" href=\"https:\/\/dnjtechnology.com\/en\/zakonczenie-robot-na-budowie-m-project-for-poland-ph1-w-dabrowie-gorniczej\/\">Read more<\/a><\/span><\/li><li class=\"listing-item\"><a class=\"title\" href=\"https:\/\/dnjtechnology.com\/en\/roboty-budowlane-na-budowie-lgcwa-p4-project-w-biskupicach-podgornych\/\">Construction works for LGESWA P4 Project in Biskupice Podg\u00f3rne<\/a> <span class=\"excerpt-dash\">-<\/span> <span class=\"excerpt\">From September 2020, we take part in the construction of a factory for LG Energy&hellip; <a class=\"excerpt-more\" href=\"https:\/\/dnjtechnology.com\/en\/roboty-budowlane-na-budowie-lgcwa-p4-project-w-biskupicach-podgornych\/\">Read more<\/a><\/span><\/li><li class=\"listing-item\"><a class=\"title\" href=\"https:\/\/dnjtechnology.com\/en\/roboty-budowlane-na-budowie-m-project-for-poland-ph1-w-dabrowie-gorniczej\/\">Construction works for M-Project for Poland, Ph1 in D\u0105browa G\u00f3rnicza<\/a> <span class=\"excerpt-dash\">-<\/span> <span class=\"excerpt\">From July 2020, we take part in the construction of a lithium-ion battery separator factory&hellip; <a class=\"excerpt-more\" href=\"https:\/\/dnjtechnology.com\/en\/roboty-budowlane-na-budowie-m-project-for-poland-ph1-w-dabrowie-gorniczej\/\">Read more<\/a><\/span><\/li><li class=\"listing-item\"><a class=\"title\" href=\"https:\/\/dnjtechnology.com\/en\/zmiana-siedziby-2\/\">Headquarters Relocation<\/a> <span class=\"excerpt-dash\">-<\/span> <span class=\"excerpt\">We hereby announce that in September-2020 the location of our headquarters and head office has&hellip; <a class=\"excerpt-more\" href=\"https:\/\/dnjtechnology.com\/en\/zmiana-siedziby-2\/\">Read more<\/a><\/span><\/li><li class=\"listing-item\"><a class=\"title\" href=\"https:\/\/dnjtechnology.com\/en\/zmiana-numeru-telefonu\/\">Change of the phone number<\/a> <span class=\"excerpt-dash\">-<\/span> <span class=\"excerpt\">We would like to kindly inform you that at the beginning of March 2019 the&hellip; <a class=\"excerpt-more\" href=\"https:\/\/dnjtechnology.com\/en\/zmiana-numeru-telefonu\/\">Read more<\/a><\/span><\/li><\/ul>\n<\/div>\n<\/div>\n<\/section>\n<p><\/p>","protected":false},"excerpt":{"rendered":"<p>CURRENT PROJECTS &#8211; SHORT PRESENTATION WE ARE THE WINNER OF FORBES DIAMONDS RANKING 2024 Thank you very much and we promise to give even more! READ MORE ZIELONA WIEWI\u00d3RKA HOUSING [&hellip;]<\/p>\n","protected":false},"author":1,"featured_media":0,"parent":0,"menu_order":0,"comment_status":"closed","ping_status":"closed","template":"homepage-tpl.php","meta":{"footnotes":""},"class_list":["post-12","page","type-page","status-publish","hentry"],"_links":{"self":[{"href":"https:\/\/dnjtechnology.com\/en\/wp-json\/wp\/v2\/pages\/12","targetHints":{"allow":["GET"]}}],"collection":[{"href":"https:\/\/dnjtechnology.com\/en\/wp-json\/wp\/v2\/pages"}],"about":[{"href":"https:\/\/dnjtechnology.com\/en\/wp-json\/wp\/v2\/types\/page"}],"author":[{"embeddable":true,"href":"https:\/\/dnjtechnology.com\/en\/wp-json\/wp\/v2\/users\/1"}],"replies":[{"embeddable":true,"href":"https:\/\/dnjtechnology.com\/en\/wp-json\/wp\/v2\/comments?post=12"}],"version-history":[{"count":34,"href":"https:\/\/dnjtechnology.com\/en\/wp-json\/wp\/v2\/pages\/12\/revisions"}],"predecessor-version":[{"id":787,"href":"https:\/\/dnjtechnology.com\/en\/wp-json\/wp\/v2\/pages\/12\/revisions\/787"}],"wp:attachment":[{"href":"https:\/\/dnjtechnology.com\/en\/wp-json\/wp\/v2\/media?parent=12"}],"curies":[{"name":"wp","href":"https:\/\/api.w.org\/{rel}","templated":true}]}}